{"id":493,"date":"2016-09-11T19:41:52","date_gmt":"2016-09-11T17:41:52","guid":{"rendered":"https:\/\/ergo-fribourg.ch\/domaines\/la-neurologie\/"},"modified":"2016-12-21T11:49:22","modified_gmt":"2016-12-21T10:49:22","slug":"neurologie","status":"publish","type":"page","link":"https:\/\/ergo-fribourg.ch\/de\/leistungen\/neurologie\/","title":{"rendered":"Neurologie"},"content":{"rendered":"<p>Nach einem Hirnschlag, einem Sch\u00e4delhirntrauma oder einer neurologischen Erkrankung erm\u00f6glicht die Ergotherapie das Wiedererlangen oder Beibehalten der gr\u00f6sstm\u00f6glichen Handlungsf\u00e4higkeit in allen Bereichen des Lebens:<br \/>\nAlltag, Haushalt, Beruf, Freizeit und Fortbewegung.<\/p>\n<h6>Die Ziele werden mit dem Patienten zusammen besprochen, bei Bedarf, mit seinen Angeh\u00f6rigen.<\/h6>\n<p>Nous proposons ensuite des mesures de r\u00e9adaptation qui permettront de les atteindre.<\/p>\n<h3>Unsere Kompetenzen im Fachbereich der Neurologie:<\/h3>\n<ul>\n<li>Mobilisation, Bewegungskontrolle, Feinmotorik- und Krafttraining<\/li>\n<li>Erarbeiten von Kompensationsstrategien bei nicht wiederkehrenden Funktionen<\/li>\n<li>Herstellen von Schienen<\/li>\n<li>Hilfsmittelabkl\u00e4rung<\/li>\n<li>Training von Alltagsaktivit\u00e4ten<\/li>\n<li>Wohnungs- und Arbeitsplatzabkl\u00e4rung<\/li>\n<li>Spiegeltherapie<\/li>\n<li>Kognitives Training<\/li>\n<\/ul>\n","protected":false},"excerpt":{"rendered":"<p>Nach einem Hirnschlag, einem Sch\u00e4delhirntrauma oder einer neurologischen Erkrankung erm\u00f6glicht die Ergotherapie das Wiedererlangen oder Beibehalten der gr\u00f6sstm\u00f6glichen Handlungsf\u00e4higkeit in allen Bereichen des Lebens: Alltag, Haushalt, Beruf, Freizeit und Fortbewegung. Die Ziele werden mit dem Patienten zusammen besprochen, bei Bedarf, mit seinen Angeh\u00f6rigen. Nous proposons ensuite des mesures de r\u00e9adaptation qui permettront de les atteindre. [&hellip;]<\/p>\n","protected":false},"author":1,"featured_media":448,"parent":459,"menu_order":0,"comment_status":"closed","ping_status":"closed","template":"","meta":{"_acf_changed":false,"footnotes":""},"class_list":["post-493","page","type-page","status-publish","has-post-thumbnail","hentry"],"acf":[],"_links":{"self":[{"href":"https:\/\/ergo-fribourg.ch\/de\/wp-json\/wp\/v2\/pages\/493","targetHints":{"allow":["GET"]}}],"collection":[{"href":"https:\/\/ergo-fribourg.ch\/de\/wp-json\/wp\/v2\/pages"}],"about":[{"href":"https:\/\/ergo-fribourg.ch\/de\/wp-json\/wp\/v2\/types\/page"}],"author":[{"embeddable":true,"href":"https:\/\/ergo-fribourg.ch\/de\/wp-json\/wp\/v2\/users\/1"}],"replies":[{"embeddable":true,"href":"https:\/\/ergo-fribourg.ch\/de\/wp-json\/wp\/v2\/comments?post=493"}],"version-history":[{"count":2,"href":"https:\/\/ergo-fribourg.ch\/de\/wp-json\/wp\/v2\/pages\/493\/revisions"}],"predecessor-version":[{"id":495,"href":"https:\/\/ergo-fribourg.ch\/de\/wp-json\/wp\/v2\/pages\/493\/revisions\/495"}],"up":[{"embeddable":true,"href":"https:\/\/ergo-fribourg.ch\/de\/wp-json\/wp\/v2\/pages\/459"}],"wp:featuredmedia":[{"embeddable":true,"href":"https:\/\/ergo-fribourg.ch\/de\/wp-json\/wp\/v2\/media\/448"}],"wp:attachment":[{"href":"https:\/\/ergo-fribourg.ch\/de\/wp-json\/wp\/v2\/media?parent=493"}],"curies":[{"name":"wp","href":"https:\/\/api.w.org\/{rel}","templated":true}]}}