{"id":465,"date":"2016-09-11T19:44:25","date_gmt":"2016-09-11T17:44:25","guid":{"rendered":"https:\/\/ergo-fribourg.ch\/domaines\/loncologie\/"},"modified":"2016-12-21T11:49:36","modified_gmt":"2016-12-21T10:49:36","slug":"onkologie","status":"publish","type":"page","link":"https:\/\/ergo-fribourg.ch\/de\/leistungen\/onkologie\/","title":{"rendered":"Onkologie"},"content":{"rendered":"<p>Die Ergotherapie hilft Krebspatienten in der Rehabilitation.<\/p>\n<h6>Wir unterst\u00fctzen den Patient in allen Stadien der Krankheit, in seiner aktuellen Situation die bestm\u00f6gliche Lebensqualit\u00e4t zu erhalten.<\/h6>\n<h3>Unsere Kompetenzen im Fachbereich der Onkologie:<\/h3>\n<ul>\n<li>Abkl\u00e4rung der Aktivit\u00e4ten des t\u00e4glichen Lebens<\/li>\n<li>Beratung und Coaching der Alltagsbew\u00e4ltigung<\/li>\n<li>Schmerzbew\u00e4ltigung<\/li>\n<li>Sensibilit\u00e4tstraining<\/li>\n<li>Narbenbehandlung<\/li>\n<li>Mobilisation, Koordination und Krafttraining<\/li>\n<li>Kognitives Training<\/li>\n<\/ul>\n","protected":false},"excerpt":{"rendered":"<p>Die Ergotherapie hilft Krebspatienten in der Rehabilitation. Wir unterst\u00fctzen den Patient in allen Stadien der Krankheit, in seiner aktuellen Situation die bestm\u00f6gliche Lebensqualit\u00e4t zu erhalten. Unsere Kompetenzen im Fachbereich der Onkologie: Abkl\u00e4rung der Aktivit\u00e4ten des t\u00e4glichen Lebens Beratung und Coaching der Alltagsbew\u00e4ltigung Schmerzbew\u00e4ltigung Sensibilit\u00e4tstraining Narbenbehandlung Mobilisation, Koordination und Krafttraining Kognitives Training<\/p>\n","protected":false},"author":1,"featured_media":449,"parent":459,"menu_order":0,"comment_status":"closed","ping_status":"closed","template":"","meta":{"_acf_changed":false,"footnotes":""},"class_list":["post-465","page","type-page","status-publish","has-post-thumbnail","hentry"],"acf":[],"_links":{"self":[{"href":"https:\/\/ergo-fribourg.ch\/de\/wp-json\/wp\/v2\/pages\/465","targetHints":{"allow":["GET"]}}],"collection":[{"href":"https:\/\/ergo-fribourg.ch\/de\/wp-json\/wp\/v2\/pages"}],"about":[{"href":"https:\/\/ergo-fribourg.ch\/de\/wp-json\/wp\/v2\/types\/page"}],"author":[{"embeddable":true,"href":"https:\/\/ergo-fribourg.ch\/de\/wp-json\/wp\/v2\/users\/1"}],"replies":[{"embeddable":true,"href":"https:\/\/ergo-fribourg.ch\/de\/wp-json\/wp\/v2\/comments?post=465"}],"version-history":[{"count":2,"href":"https:\/\/ergo-fribourg.ch\/de\/wp-json\/wp\/v2\/pages\/465\/revisions"}],"predecessor-version":[{"id":467,"href":"https:\/\/ergo-fribourg.ch\/de\/wp-json\/wp\/v2\/pages\/465\/revisions\/467"}],"up":[{"embeddable":true,"href":"https:\/\/ergo-fribourg.ch\/de\/wp-json\/wp\/v2\/pages\/459"}],"wp:featuredmedia":[{"embeddable":true,"href":"https:\/\/ergo-fribourg.ch\/de\/wp-json\/wp\/v2\/media\/449"}],"wp:attachment":[{"href":"https:\/\/ergo-fribourg.ch\/de\/wp-json\/wp\/v2\/media?parent=465"}],"curies":[{"name":"wp","href":"https:\/\/api.w.org\/{rel}","templated":true}]}}